{"id":21508,"date":"2021-07-23T14:12:15","date_gmt":"2021-07-23T14:12:15","guid":{"rendered":"https:\/\/solubag.ca\/product\/solubag-langer-zwickel\/"},"modified":"2021-07-23T14:12:15","modified_gmt":"2021-07-23T14:12:15","slug":"solubag-langzwickel","status":"publish","type":"product","link":"https:\/\/solubag.ca\/de\/produkt\/solubag-langzwickel\/","title":{"rendered":"Solubag Langer Zwickel"},"content":{"rendered":"<p>Die Solubag Long Gusset Bag hat praktische Griffe, die ein bequemes Tragen \u00fcber der Schulter erm\u00f6glichen. Er ist aus Vliesstoff gefertigt und kann mehrfach wiederverwendet werden. Am Ende k\u00f6nnen sie \u00f6kologisch in hei\u00dfem Wasser aufgel\u00f6st werden.<\/p>\n<p>Jede Box enth\u00e4lt 200 Einheiten, der Boxpreis betr\u00e4gt $194<span>.66 <\/span>CAD.<\/p>\n<p><strong>Beschreibung:<\/strong><\/p>\n<ul>\n<li>12,99&#8243; x 15,75&#8243; x 5,51&#8243;<\/li>\n<li>100% Solubag-Material<\/li>\n<li>L\u00f6slich in Wasser<\/li>\n<li>Plastikfrei<\/li>\n<li>100% umweltfreundlich<\/li>\n<\/ul>\n<p><strong>Zertifizierungen:  <\/strong><\/p>\n<ul>\n<li><strong>Biologische Abbaubarkeit: <\/strong>ISO 14855-1: 2012<\/li>\n<li><strong>L\u00f6slichkeit:<\/strong><span> <\/span>SGS Standard EN 14372: 2004<\/li>\n<li><strong>Unbedenklichkeit<\/strong>: SGS-Norm EN 71-3: 2013 + A1: 2014, Norm Nch 409\/ 1 von 2005<\/li>\n<li><strong>Nicht-plastisch, FTIR-Norm<\/strong>: ASTM E 1252-98 (2013), PGC-MS mit Verweis auf ISP 17257:2013<\/li>\n<li> <strong>FDA-Studie: <\/strong>US FDA 21 CFR 175.300 (Bedingung E f\u00fcr die Verwendung)<\/li>\n<\/ul>\n","protected":false},"excerpt":{"rendered":"<p>Die Solubag Long Gusset Bag hat praktische Griffe, die ein bequemes Tragen \u00fcber der Schulter erm\u00f6glichen. Er ist aus Vliesstoff hergestellt und kann mehrfach wiederverwendet werden. Am Ende k\u00f6nnen sie \u00f6kologisch in hei\u00dfem Wasser aufgel\u00f6st werden.<\/p>\n<p>Jede Box enth\u00e4lt 200 Einheiten, der Boxpreis betr\u00e4gt $194<span>.66 <\/span>CAD.<\/p>\n","protected":false},"featured_media":21386,"comment_status":"open","ping_status":"closed","template":"","meta":[],"product_brand":[],"product_cat":[3248],"product_tag":[],"class_list":{"0":"post-21508","1":"product","2":"type-product","3":"status-publish","4":"has-post-thumbnail","6":"product_cat-solubag-de","8":"first","9":"instock","10":"shipping-taxable","11":"purchasable","12":"product-type-simple"},"_links":{"self":[{"href":"https:\/\/solubag.ca\/de\/wp-json\/wp\/v2\/product\/21508","targetHints":{"allow":["GET"]}}],"collection":[{"href":"https:\/\/solubag.ca\/de\/wp-json\/wp\/v2\/product"}],"about":[{"href":"https:\/\/solubag.ca\/de\/wp-json\/wp\/v2\/types\/product"}],"replies":[{"embeddable":true,"href":"https:\/\/solubag.ca\/de\/wp-json\/wp\/v2\/comments?post=21508"}],"wp:featuredmedia":[{"embeddable":true,"href":"https:\/\/solubag.ca\/de\/wp-json\/wp\/v2\/media\/21386"}],"wp:attachment":[{"href":"https:\/\/solubag.ca\/de\/wp-json\/wp\/v2\/media?parent=21508"}],"wp:term":[{"taxonomy":"product_brand","embeddable":true,"href":"https:\/\/solubag.ca\/de\/wp-json\/wp\/v2\/product_brand?post=21508"},{"taxonomy":"product_cat","embeddable":true,"href":"https:\/\/solubag.ca\/de\/wp-json\/wp\/v2\/product_cat?post=21508"},{"taxonomy":"product_tag","embeddable":true,"href":"https:\/\/solubag.ca\/de\/wp-json\/wp\/v2\/product_tag?post=21508"}],"curies":[{"name":"wp","href":"https:\/\/api.w.org\/{rel}","templated":true}]}}