{"id":21507,"date":"2021-07-23T14:14:02","date_gmt":"2021-07-23T14:14:02","guid":{"rendered":"https:\/\/solubag.ca\/product\/solubag-flachbeutel\/"},"modified":"2021-07-23T14:14:02","modified_gmt":"2021-07-23T14:14:02","slug":"solubag-flat-bag","status":"publish","type":"product","link":"https:\/\/solubag.ca\/de\/produkt\/solubag-flat-bag\/","title":{"rendered":"Solubag Flachbeutel"},"content":{"rendered":"<p><span>Die Solubag Flat Bag ist eine praktische Stofftasche (nach dem Vorbild der beliebten Tote Bag). Kann mehrfach verwendet werden. Wenn der Kunde es nicht mehr braucht, kann es umweltfreundlich in hei\u00dfem Wasser aufgel\u00f6st oder in den Mischm\u00fcll geworfen werden.<\/span><\/p>\n<p><span>Jede Box enth\u00e4lt 300 Einheiten in Beuteln von 100, Box Preis ist $243.76<\/span><\/p>\n<div class=\"product-single__store-availability-container\" data-base-url=\"https:\/\/solubagstore.com\/\" data-has-only-default-variant=\"true\" data-product-title=\"Solubag\u00ae Flat Bag 100 ct.\" data-store-availability-container=\"\"><\/div>\n<div class=\"product-single__description rte\">\n<div><strong>Beschreibung:<\/strong><\/div>\n<ul>\n<li>14.57&#8243; x 14.57&#8243;<\/li>\n<li>100% Solubag-Material<\/li>\n<li>L\u00f6slich in Wasser<\/li>\n<li>Plastikfrei<\/li>\n<li>100% umweltfreundlich<\/li>\n<\/ul>\n<p><strong>Zertifizierungen:  <\/strong><\/p>\n<ul>\n<li><strong>Biologische Abbaubarkeit: <\/strong>ISO 14855-1: 2012<\/li>\n<li><strong>L\u00f6slichkeit:<\/strong><span> <\/span>SGS Standard EN 14372: 2004<\/li>\n<li><strong>Unbedenklichkeit<\/strong>: SGS-Norm EN 71-3: 2013 + A1: 2014, Norm Nch 409\/ 1 von 2005<\/li>\n<li><strong>Nicht-plastisch, FTIR-Norm<\/strong>: ASTM E 1252-98 (2013), PGC-MS mit Verweis auf ISP 17257:2013<\/li>\n<li> <strong>FDA-Studie: <\/strong>US FDA 21 CFR 175.300 (Bedingung E f\u00fcr die Verwendung)<\/li>\n<\/ul>\n<\/div>\n","protected":false},"excerpt":{"rendered":"<p><span>Die Solubag Flat Bag ist eine praktische Stofftasche (nach dem Vorbild der beliebten Tote Bag). Kann mehrfach verwendet werden. Wenn der Kunde es nicht mehr braucht, kann es umweltfreundlich in hei\u00dfem Wasser aufgel\u00f6st oder in den Mischm\u00fcll geworfen werden.<\/span><\/p>\n<p><span>Jede Box enth\u00e4lt 300 Einheiten in Beuteln von 100, Box Preis ist $243.76<\/span><\/p>\n","protected":false},"featured_media":21387,"comment_status":"open","ping_status":"closed","template":"","meta":[],"product_brand":[],"product_cat":[3248],"product_tag":[],"class_list":{"0":"post-21507","1":"product","2":"type-product","3":"status-publish","4":"has-post-thumbnail","6":"product_cat-solubag-de","8":"first","9":"instock","10":"shipping-taxable","11":"purchasable","12":"product-type-simple"},"_links":{"self":[{"href":"https:\/\/solubag.ca\/de\/wp-json\/wp\/v2\/product\/21507","targetHints":{"allow":["GET"]}}],"collection":[{"href":"https:\/\/solubag.ca\/de\/wp-json\/wp\/v2\/product"}],"about":[{"href":"https:\/\/solubag.ca\/de\/wp-json\/wp\/v2\/types\/product"}],"replies":[{"embeddable":true,"href":"https:\/\/solubag.ca\/de\/wp-json\/wp\/v2\/comments?post=21507"}],"wp:featuredmedia":[{"embeddable":true,"href":"https:\/\/solubag.ca\/de\/wp-json\/wp\/v2\/media\/21387"}],"wp:attachment":[{"href":"https:\/\/solubag.ca\/de\/wp-json\/wp\/v2\/media?parent=21507"}],"wp:term":[{"taxonomy":"product_brand","embeddable":true,"href":"https:\/\/solubag.ca\/de\/wp-json\/wp\/v2\/product_brand?post=21507"},{"taxonomy":"product_cat","embeddable":true,"href":"https:\/\/solubag.ca\/de\/wp-json\/wp\/v2\/product_cat?post=21507"},{"taxonomy":"product_tag","embeddable":true,"href":"https:\/\/solubag.ca\/de\/wp-json\/wp\/v2\/product_tag?post=21507"}],"curies":[{"name":"wp","href":"https:\/\/api.w.org\/{rel}","templated":true}]}}