{"id":21503,"date":"2023-03-11T10:59:44","date_gmt":"2023-03-11T10:59:44","guid":{"rendered":"https:\/\/solubag.ca\/product\/envirowise-wasserloesliche-hundekotbeutel\/"},"modified":"2026-02-09T21:27:26","modified_gmt":"2026-02-09T21:27:26","slug":"umwelt-wasserlosliche-hundeabfallbeutel","status":"publish","type":"product","link":"https:\/\/solubag.ca\/de\/produkt\/umwelt-wasserlosliche-hundeabfallbeutel\/","title":{"rendered":"Envirowise Wasserl\u00f6sliche Hundekotbeutel"},"content":{"rendered":"<ul class=\"a-unordered-list a-vertical a-spacing-mini\">\n<li><span class=\"a-list-item\">Verringern Sie Ihren Carbon Paw Print: Viele umweltbewusste Hundebesitzer achten darauf, biologisch abbaubare Hundekotbeutel zu verwenden. Viele dieser Kotbeutel werden jedoch aus biologisch abbaubarem Oxo-Material hergestellt, das f\u00fcr unsere Umwelt \u00e4u\u00dferst sch\u00e4dlich ist. Unsere wasserl\u00f6slichen Hundekotbeutel k\u00f6nnen sich nach 180 Tagen in Wasser aufl\u00f6sen, ohne dass Mikroplastik auf die Erde gelangt. Sch\u00fctzen Sie unseren Planeten, indem Sie sich f\u00fcr unsere umweltfreundlichen Hundekotbeutel entscheiden.<\/span><\/li>\n<li><span class=\"a-list-item\">100% abbaubar und kompostierbar: Unsere Hundekotbeutel werden aus ethischen Quellen bezogen und sorgf\u00e4ltig durch eine Synthese aus Kalziumkarbid und nat\u00fcrlichen Stoffen hergestellt. Dank dieses Materials k\u00f6nnen sich unsere Beutel aufl\u00f6sen, ohne das Wasser oder die Umwelt zu verunreinigen. Wir verwenden dieses Material als Alternative zu Plastik, das bis zu 500 Jahre halten kann und dabei unseren Planeten verschmutzt. Alle unsere Produkte sind nach ISO 14855-1:2012 f\u00fcr ihre biologische Abbaubarkeit zertifiziert.<\/span><\/li>\n<li><span class=\"a-list-item\">Super einfach und extra dick: Die Aufkleber Enviorwise Hundekotbeutel sind in der Mitte geriffelt, ohne dass der erste Beutel bei der Benutzung rei\u00dft. Hundebeutel mit einzigartiger Aufrei\u00dfperforation und &#8220;Open&#8221;-Pfeil, leicht abzurei\u00dfen, zu \u00f6ffnen und von der Rolle zu l\u00f6sen.<\/span><\/li>\n<li><span class=\"a-list-item\">Unsere Produkte basieren auf einer patentierten Technologie. Es wird aus PVA und nat\u00fcrlichen Stoffen hergestellt, was zu einem umweltfreundlichen und wasserl\u00f6slichen Produkt f\u00fchrt.<\/span><\/li>\n<li><span class=\"a-list-item\">Dauerhaft<\/span><\/li>\n<\/ul>\n","protected":false},"excerpt":{"rendered":"<p>Verringern Sie Ihren Carbon Paw Print: Viele umweltbewusste Hundebesitzer achten darauf, biologisch abbaubare Hundekotbeutel zu verwenden. Viele dieser Kotbeutel werden jedoch aus biologisch abbaubarem Oxo-Material hergestellt, das f\u00fcr unsere Umwelt \u00e4u\u00dferst sch\u00e4dlich ist. Unsere wasserl\u00f6slichen Hundekotbeutel k\u00f6nnen sich nach 180 Tagen in Wasser aufl\u00f6sen, ohne dass Mikroplastik auf die Erde gelangt. Sch\u00fctzen Sie unseren Planeten, [&hellip;]<\/p>\n","protected":false},"featured_media":21485,"comment_status":"open","ping_status":"closed","template":"","meta":[],"product_brand":[],"product_cat":[],"product_tag":[],"class_list":{"0":"post-21503","1":"product","2":"type-product","3":"status-publish","4":"has-post-thumbnail","7":"first","8":"instock","9":"shipping-taxable","10":"purchasable","11":"product-type-variable"},"_links":{"self":[{"href":"https:\/\/solubag.ca\/de\/wp-json\/wp\/v2\/product\/21503","targetHints":{"allow":["GET"]}}],"collection":[{"href":"https:\/\/solubag.ca\/de\/wp-json\/wp\/v2\/product"}],"about":[{"href":"https:\/\/solubag.ca\/de\/wp-json\/wp\/v2\/types\/product"}],"replies":[{"embeddable":true,"href":"https:\/\/solubag.ca\/de\/wp-json\/wp\/v2\/comments?post=21503"}],"wp:featuredmedia":[{"embeddable":true,"href":"https:\/\/solubag.ca\/de\/wp-json\/wp\/v2\/media\/21485"}],"wp:attachment":[{"href":"https:\/\/solubag.ca\/de\/wp-json\/wp\/v2\/media?parent=21503"}],"wp:term":[{"taxonomy":"product_brand","embeddable":true,"href":"https:\/\/solubag.ca\/de\/wp-json\/wp\/v2\/product_brand?post=21503"},{"taxonomy":"product_cat","embeddable":true,"href":"https:\/\/solubag.ca\/de\/wp-json\/wp\/v2\/product_cat?post=21503"},{"taxonomy":"product_tag","embeddable":true,"href":"https:\/\/solubag.ca\/de\/wp-json\/wp\/v2\/product_tag?post=21503"}],"curies":[{"name":"wp","href":"https:\/\/api.w.org\/{rel}","templated":true}]}}